{"id":25850,"date":"2026-04-25T16:04:26","date_gmt":"2026-04-25T14:04:26","guid":{"rendered":"https:\/\/achtsamer-minimalismus.de\/?page_id=25850"},"modified":"2026-04-25T16:11:05","modified_gmt":"2026-04-25T14:11:05","slug":"start","status":"publish","type":"page","link":"https:\/\/achtsamer-minimalismus.de\/","title":{"rendered":"Start"},"content":{"rendered":"<p>Guten Tag,<\/p>\n<p>diese Webseite umfasst Beitr\u00e4ge aus dem Zeitraum von April 2014 bis Juli 2024 und ist ein klassischer und privater Blog ohne kommerzielle Interessen mit den Themenschwerpunkten Achtsamkeit und Minimalismus. Alte Beitr\u00e4ge (nur Texte keine Fotos) k\u00f6nnen im Blog noch nachgelesen werden. Neue Beitr\u00e4ge erscheinen hier nicht mehr.<\/p>\n","protected":false},"excerpt":{"rendered":"<p>Guten Tag, diese Webseite umfasst Beitr\u00e4ge aus dem Zeitraum von April 2014 bis Juli 2024 und ist ein klassischer und privater Blog ohne kommerzielle&#8230;<\/p>\n","protected":false},"author":2,"featured_media":0,"parent":0,"menu_order":0,"comment_status":"closed","ping_status":"closed","template":"","meta":{"footnotes":""},"class_list":["post-25850","page","type-page","status-publish","hentry","post-archive"],"_links":{"self":[{"href":"https:\/\/achtsamer-minimalismus.de\/index.php?rest_route=\/wp\/v2\/pages\/25850","targetHints":{"allow":["GET"]}}],"collection":[{"href":"https:\/\/achtsamer-minimalismus.de\/index.php?rest_route=\/wp\/v2\/pages"}],"about":[{"href":"https:\/\/achtsamer-minimalismus.de\/index.php?rest_route=\/wp\/v2\/types\/page"}],"author":[{"embeddable":true,"href":"https:\/\/achtsamer-minimalismus.de\/index.php?rest_route=\/wp\/v2\/users\/2"}],"replies":[{"embeddable":true,"href":"https:\/\/achtsamer-minimalismus.de\/index.php?rest_route=%2Fwp%2Fv2%2Fcomments&post=25850"}],"version-history":[{"count":2,"href":"https:\/\/achtsamer-minimalismus.de\/index.php?rest_route=\/wp\/v2\/pages\/25850\/revisions"}],"predecessor-version":[{"id":25856,"href":"https:\/\/achtsamer-minimalismus.de\/index.php?rest_route=\/wp\/v2\/pages\/25850\/revisions\/25856"}],"wp:attachment":[{"href":"https:\/\/achtsamer-minimalismus.de\/index.php?rest_route=%2Fwp%2Fv2%2Fmedia&parent=25850"}],"curies":[{"name":"wp","href":"https:\/\/api.w.org\/{rel}","templated":true}]}}